{"id":34141,"date":"2025-12-03T16:35:08","date_gmt":"2025-12-03T15:35:08","guid":{"rendered":"https:\/\/www.in-town.ch\/?page_id=34141"},"modified":"2025-12-09T22:46:43","modified_gmt":"2025-12-09T21:46:43","slug":"booking-driving-school-in-bulles-and-fribourg","status":"publish","type":"page","link":"https:\/\/www.in-town.ch\/en\/reservation-ecole-de-conduite-a-bulles-et-fribourg\/","title":{"rendered":"Reservation ecole de conduite a bulles et fribourg"},"content":{"rendered":"<p>[et_pb_section fb_built=\u00a0\u00bb1&Prime; _builder_version=\u00a0\u00bb4.27.4&Prime; _module_preset=\u00a0\u00bbdefault\u00a0\u00bb background_color=\u00a0\u00bb#25D366&Prime; custom_margin=\u00a0\u00bb-4px||||false|false\u00a0\u00bb custom_padding=\u00a0\u00bb3px|0px||||\u00a0\u00bb global_colors_info=\u00a0\u00bb{}\u00a0\u00bb][et_pb_row _builder_version=\u00a0\u00bb4.24.2&Prime; _module_preset=\u00a0\u00bbdefault\u00a0\u00bb width=\u00a0\u00bb100%\u00a0\u00bb custom_margin=\u00a0\u00bb0px||||false|false\u00a0\u00bb custom_margin_tablet=\u00a0\u00bb-3px||||false|false\u00a0\u00bb custom_margin_phone=\u00a0\u00bb-3px||||false|false\u00a0\u00bb custom_margin_last_edited=\u00a0\u00bbon|phone\u00a0\u00bb custom_padding=\u00a0\u00bb0px||||false|false\u00a0\u00bb sticky_position=\u00a0\u00bbtop\u00a0\u00bb global_module=\u00a0\u00bb855&Prime; saved_tabs=\u00a0\u00bball\u00a0\u00bb locked=\u00a0\u00bboff\u00a0\u00bb global_colors_info=\u00a0\u00bb{}\u00a0\u00bb][et_pb_column type=\u00a0\u00bb4_4&Prime; _builder_version=\u00a0\u00bb4.24.2&Prime; _module_preset=\u00a0\u00bbdefault\u00a0\u00bb global_colors_info=\u00a0\u00bb{}\u00a0\u00bb][et_pb_menu menu_id=\u00a0\u00bb12&Prime; menu_style=\u00a0\u00bbcentered\u00a0\u00bb active_link_color=\u00a0\u00bb#25D366&Prime; dropdown_menu_line_color=\u00a0\u00bb#25D366&Prime; dropdown_menu_text_color=\u00a0\u00bb#000000&Prime; dropdown_menu_active_link_color=\u00a0\u00bb#25D366&Prime; mobile_menu_bg_color=\u00a0\u00bb#FFFFFF\u00a0\u00bb mobile_menu_text_color=\u00a0\u00bb#000000&Prime; cart_icon_color=\u00a0\u00bb#FDD210&Prime; menu_icon_color=\u00a0\u00bb#FFFFFF\u00a0\u00bb _builder_version=\u00a0\u00bb4.24.2&Prime; _module_preset=\u00a0\u00bbdefault\u00a0\u00bb menu_font=\u00a0\u00bbPoppins|600|||||||\u00a0\u00bb menu_text_color=\u00a0\u00bb#000000&Prime; background_color=\u00a0\u00bb#FFFFFF\u00a0\u00bb custom_margin=\u00a0\u00bb-1px|||0px|false|false\u00a0\u00bb custom_padding=\u00a0\u00bb6px|20px|5px|20px|false|true\u00a0\u00bb background_color_phone=\u00a0\u00bb#25D366&Prime; background_last_edited=\u00a0\u00bbon|tablet\u00a0\u00bb background_enable_color_phone=\u00a0\u00bbon\u00a0\u00bb border_radii=\u00a0\u00bboff|||15px|15px\u00a0\u00bb border_width_all_image=\u00a0\u00bb0px\u00a0\u00bb box_shadow_style=\u00a0\u00bbpreset1&Prime; global_colors_info=\u00a0\u00bb{}\u00a0\u00bb][\/et_pb_menu][\/et_pb_column][\/et_pb_row][et_pb_row _builder_version=\u00a0\u00bb4.27.0&Prime; _module_preset=\u00a0\u00bbdefault\u00a0\u00bb global_colors_info=\u00a0\u00bb{}\u00a0\u00bb][et_pb_column type=\u00a0\u00bb4_4&Prime; _builder_version=\u00a0\u00bb4.27.0&Prime; _module_preset=\u00a0\u00bbdefault\u00a0\u00bb global_colors_info=\u00a0\u00bb{}\u00a0\u00bb][et_pb_text _builder_version=\u00a0\u00bb4.27.0&Prime; _module_preset=\u00a0\u00bbdefault\u00a0\u00bb text_font=\u00a0\u00bb&#8211;et_global_heading_font|700|||||||\u00a0\u00bb text_text_color=\u00a0\u00bb#000000&Prime; text_font_size=\u00a0\u00bb33px\u00a0\u00bb text_line_height=\u00a0\u00bb1.9em\u00a0\u00bb header_font=\u00a0\u00bb&#8211;et_global_heading_font|700|||||||\u00a0\u00bb header_text_color=\u00a0\u00bb#FFFFFF\u00a0\u00bb header_font_size=\u00a0\u00bb52px\u00a0\u00bb global_colors_info=\u00a0\u00bb{}\u00a0\u00bb]<\/p>\n<h1 style=\"text-align: center;\">Portail de r\u00e9servation auto-\u00e9cole<\/h1>\n<p style=\"text-align: center;\">In-Town Fribourg<\/p>\n<p>[\/et_pb_text][\/et_pb_column][\/et_pb_row][et_pb_row _builder_version=\u00a0\u00bb4.27.0&Prime; _module_preset=\u00a0\u00bbdefault\u00a0\u00bb global_colors_info=\u00a0\u00bb{}\u00a0\u00bb][et_pb_column type=\u00a0\u00bb4_4&Prime; _builder_version=\u00a0\u00bb4.27.0&Prime; _module_preset=\u00a0\u00bbdefault\u00a0\u00bb global_colors_info=\u00a0\u00bb{}\u00a0\u00bb][et_pb_button button_url=\u00a0\u00bbhttps:\/\/intownfribourg.setmore.com\/\u00a0\u00bb button_text=\u00a0\u00bbCours de pratique Auto\u00a0\u00bb button_alignment=\u00a0\u00bbcenter\u00a0\u00bb _builder_version=\u00a0\u00bb4.27.4&Prime; _module_preset=\u00a0\u00bbdefault\u00a0\u00bb custom_button=\u00a0\u00bbon\u00a0\u00bb button_text_size=\u00a0\u00bb23px\u00a0\u00bb button_text_color=\u00a0\u00bb#000000&Prime; button_bg_color=\u00a0\u00bb#FFFFFF\u00a0\u00bb button_border_radius=\u00a0\u00bb31px\u00a0\u00bb button_icon=\u00a0\u00bb&#xf1b9;||fa||900&Prime; button_on_hover=\u00a0\u00bboff\u00a0\u00bb box_shadow_style=\u00a0\u00bbpreset1&Prime; global_colors_info=\u00a0\u00bb{}\u00a0\u00bb][\/et_pb_button][et_pb_button button_url=\u00a0\u00bbhttps:\/\/www.vku-pgs.asa.ch\/fr\/public\/coursegroup\/VktVXzYwOTc=\/1\/PGS\u00a0\u00bb button_text=\u00a0\u00bbBloc 12H Moto\u00a0\u00bb button_alignment=\u00a0\u00bbcenter\u00a0\u00bb _builder_version=\u00a0\u00bb4.27.4&Prime; _module_preset=\u00a0\u00bbdefault\u00a0\u00bb custom_button=\u00a0\u00bbon\u00a0\u00bb button_text_size=\u00a0\u00bb23px\u00a0\u00bb button_text_color=\u00a0\u00bb#000000&Prime; button_bg_color=\u00a0\u00bb#FFFFFF\u00a0\u00bb button_border_radius=\u00a0\u00bb31px\u00a0\u00bb button_icon=\u00a0\u00bb&#xf21c;||fa||900&Prime; button_on_hover=\u00a0\u00bboff\u00a0\u00bb hover_enabled=\u00a0\u00bb0&Prime; box_shadow_style=\u00a0\u00bbpreset1&Prime; global_colors_info=\u00a0\u00bb{}\u00a0\u00bb sticky_enabled=\u00a0\u00bb0&Prime; custom_padding=\u00a0\u00bb|81px||81px|false|true\u00a0\u00bb custom_padding_last_edited=\u00a0\u00bbon|phone\u00a0\u00bb custom_padding_phone=\u00a0\u00bb|78px||78px|false|true\u00a0\u00bb custom_padding_tablet=\u00a0\u00bb|81px||81px|false|true\u00a0\u00bb][\/et_pb_button][et_pb_button button_url=\u00a0\u00bbhttps:\/\/intownfribourg.setmore.com\/\u00a0\u00bb button_text=\u00a0\u00bbCours priv\u00e9 de  Moto\u00a0\u00bb button_alignment=\u00a0\u00bbcenter\u00a0\u00bb _builder_version=\u00a0\u00bb4.27.4&Prime; _module_preset=\u00a0\u00bbdefault\u00a0\u00bb custom_button=\u00a0\u00bbon\u00a0\u00bb button_text_size=\u00a0\u00bb23px\u00a0\u00bb button_text_color=\u00a0\u00bb#000000&Prime; button_bg_color=\u00a0\u00bb#FFFFFF\u00a0\u00bb button_border_radius=\u00a0\u00bb31px\u00a0\u00bb button_icon=\u00a0\u00bb&#xf21c;||fa||900&Prime; button_on_hover=\u00a0\u00bboff\u00a0\u00bb custom_padding=\u00a0\u00bb|48px||48px|false|true\u00a0\u00bb box_shadow_style=\u00a0\u00bbpreset1&Prime; global_colors_info=\u00a0\u00bb{}\u00a0\u00bb][\/et_pb_button][et_pb_button button_url=\u00a0\u00bbhttps:\/\/www.vku-pgs.asa.ch\/fr\/public\/coursegroup\/VktVXzYwOTc=\/1\/VKU\u00a0\u00bb button_text=\u00a0\u00bbCours de sensibilisation\u00a0\u00bb button_alignment=\u00a0\u00bbcenter\u00a0\u00bb _builder_version=\u00a0\u00bb4.27.4&Prime; _module_preset=\u00a0\u00bbdefault\u00a0\u00bb custom_button=\u00a0\u00bbon\u00a0\u00bb button_text_size=\u00a0\u00bb23px\u00a0\u00bb button_text_color=\u00a0\u00bb#000000&Prime; button_bg_color=\u00a0\u00bb#FFFFFF\u00a0\u00bb button_border_radius=\u00a0\u00bb31px\u00a0\u00bb button_icon=\u00a0\u00bb&#xf5e1;||fa||900&Prime; button_on_hover=\u00a0\u00bboff\u00a0\u00bb box_shadow_style=\u00a0\u00bbpreset1&Prime; global_colors_info=\u00a0\u00bb{}\u00a0\u00bb][\/et_pb_button][et_pb_button button_url=\u00a0\u00bbhttps:\/\/www.in-town.ch\/contact-auto-ecole\/\u00a0\u00bb button_text=\u00a0\u00bbCours th\u00e9oriques\u00a0\u00bb button_alignment=\u00a0\u00bbcenter\u00a0\u00bb _builder_version=\u00a0\u00bb4.27.4&Prime; _module_preset=\u00a0\u00bbdefault\u00a0\u00bb custom_button=\u00a0\u00bbon\u00a0\u00bb button_text_size=\u00a0\u00bb23px\u00a0\u00bb button_text_color=\u00a0\u00bb#000000&Prime; button_bg_color=\u00a0\u00bb#FFFFFF\u00a0\u00bb button_border_radius=\u00a0\u00bb31px\u00a0\u00bb button_icon=\u00a0\u00bb&#xe0db;||divi||400&Prime; button_on_hover=\u00a0\u00bboff\u00a0\u00bb custom_padding=\u00a0\u00bb|67px||67px|false|true\u00a0\u00bb custom_padding_tablet=\u00a0\u00bb|67px||67px|false|true\u00a0\u00bb custom_padding_phone=\u00a0\u00bb|64px||64px|false|true\u00a0\u00bb custom_padding_last_edited=\u00a0\u00bbon|desktop\u00a0\u00bb box_shadow_style=\u00a0\u00bbpreset1&Prime; global_colors_info=\u00a0\u00bb{}\u00a0\u00bb][\/et_pb_button][et_pb_button button_url=\u00a0\u00bbhttps:\/\/booking.setmore.com\/scheduleappointment\/a73ba7ad-657e-4bd1-b29f-bc2335334bbb?lang=French\u00a0\u00bb button_text=\u00a0\u00bb\u00c9change de permis\u00a0\u00bb button_alignment=\u00a0\u00bbcenter\u00a0\u00bb _builder_version=\u00a0\u00bb4.27.4&Prime; _module_preset=\u00a0\u00bbdefault\u00a0\u00bb custom_button=\u00a0\u00bbon\u00a0\u00bb button_text_size=\u00a0\u00bb23px\u00a0\u00bb button_text_color=\u00a0\u00bb#000000&Prime; button_bg_color=\u00a0\u00bb#FFFFFF\u00a0\u00bb button_border_radius=\u00a0\u00bb31px\u00a0\u00bb button_icon=\u00a0\u00bb&#xf2c1;||fa||900&Prime; button_on_hover=\u00a0\u00bboff\u00a0\u00bb custom_padding=\u00a0\u00bb|60px||60px|false|true\u00a0\u00bb custom_padding_tablet=\u00a0\u00bb|60px||60px|false|true\u00a0\u00bb custom_padding_phone=\u00a0\u00bb|55px||55px|false|true\u00a0\u00bb custom_padding_last_edited=\u00a0\u00bbon|desktop\u00a0\u00bb hover_enabled=\u00a0\u00bb0&Prime; box_shadow_style=\u00a0\u00bbpreset1&Prime; global_colors_info=\u00a0\u00bb{}\u00a0\u00bb sticky_enabled=\u00a0\u00bb0&Prime;][\/et_pb_button][\/et_pb_column][\/et_pb_row][\/et_pb_section]<\/p>\n","protected":false},"excerpt":{"rendered":"<p>Portail de r\u00e9servation auto-\u00e9cole In-Town Fribourg<\/p>","protected":false},"author":4,"featured_media":0,"parent":0,"menu_order":0,"comment_status":"closed","ping_status":"closed","template":"","meta":{"_et_pb_use_builder":"on","_et_pb_old_content":"","_et_gb_content_width":"","footnotes":""},"class_list":["post-34141","page","type-page","status-publish","hentry"],"yoast_head":"<!-- This site is optimized with the Yoast SEO plugin v27.0 - https:\/\/yoast.com\/product\/yoast-seo-wordpress\/ -->\n<title>Reservation ecole de conduite a bulles et fribourg - Auto \u00e9cole Gen\u00e8ve<\/title>\n<meta name=\"robots\" content=\"index, follow, max-snippet:-1, max-image-preview:large, max-video-preview:-1\" \/>\n<link rel=\"canonical\" href=\"https:\/\/www.in-town.ch\/en\/booking-driving-school-in-bulles-and-fribourg\/\" \/>\n<meta property=\"og:locale\" content=\"en_US\" \/>\n<meta property=\"og:type\" content=\"article\" \/>\n<meta property=\"og:title\" content=\"Reservation ecole de conduite a bulles et fribourg - Auto \u00e9cole Gen\u00e8ve\" \/>\n<meta property=\"og:description\" content=\"Portail de r\u00e9servation auto-\u00e9cole In-Town Fribourg\" \/>\n<meta property=\"og:url\" content=\"https:\/\/www.in-town.ch\/en\/booking-driving-school-in-bulles-and-fribourg\/\" \/>\n<meta property=\"og:site_name\" content=\"Auto \u00e9cole Gen\u00e8ve\" \/>\n<meta property=\"article:modified_time\" content=\"2025-12-09T21:46:43+00:00\" \/>\n<meta name=\"twitter:card\" content=\"summary_large_image\" \/>\n<script type=\"application\/ld+json\" class=\"yoast-schema-graph\">{\"@context\":\"https:\/\/schema.org\",\"@graph\":[{\"@type\":\"WebPage\",\"@id\":\"https:\/\/www.in-town.ch\/reservation-ecole-de-conduite-a-bulles-et-fribourg\/\",\"url\":\"https:\/\/www.in-town.ch\/reservation-ecole-de-conduite-a-bulles-et-fribourg\/\",\"name\":\"Reservation ecole de conduite a bulles et fribourg - Auto \u00e9cole Gen\u00e8ve\",\"isPartOf\":{\"@id\":\"https:\/\/www.in-town.ch\/#website\"},\"datePublished\":\"2025-12-03T15:35:08+00:00\",\"dateModified\":\"2025-12-09T21:46:43+00:00\",\"breadcrumb\":{\"@id\":\"https:\/\/www.in-town.ch\/reservation-ecole-de-conduite-a-bulles-et-fribourg\/#breadcrumb\"},\"inLanguage\":\"en-US\",\"potentialAction\":[{\"@type\":\"ReadAction\",\"target\":[\"https:\/\/www.in-town.ch\/reservation-ecole-de-conduite-a-bulles-et-fribourg\/\"]}]},{\"@type\":\"BreadcrumbList\",\"@id\":\"https:\/\/www.in-town.ch\/reservation-ecole-de-conduite-a-bulles-et-fribourg\/#breadcrumb\",\"itemListElement\":[{\"@type\":\"ListItem\",\"position\":1,\"name\":\"Accueil\",\"item\":\"https:\/\/www.in-town.ch\/\"},{\"@type\":\"ListItem\",\"position\":2,\"name\":\"Reservation ecole de conduite a bulles et fribourg\"}]},{\"@type\":\"WebSite\",\"@id\":\"https:\/\/www.in-town.ch\/#website\",\"url\":\"https:\/\/www.in-town.ch\/\",\"name\":\"In Town - Auto \u00e9cole Gen\u00e8ve\",\"description\":\"Permis de conduire Suisse\",\"publisher\":{\"@id\":\"https:\/\/www.in-town.ch\/#organization\"},\"potentialAction\":[{\"@type\":\"SearchAction\",\"target\":{\"@type\":\"EntryPoint\",\"urlTemplate\":\"https:\/\/www.in-town.ch\/?s={search_term_string}\"},\"query-input\":{\"@type\":\"PropertyValueSpecification\",\"valueRequired\":true,\"valueName\":\"search_term_string\"}}],\"inLanguage\":\"en-US\"},{\"@type\":\"Organization\",\"@id\":\"https:\/\/www.in-town.ch\/#organization\",\"name\":\"In Town\",\"url\":\"https:\/\/www.in-town.ch\/\",\"logo\":{\"@type\":\"ImageObject\",\"inLanguage\":\"en-US\",\"@id\":\"https:\/\/www.in-town.ch\/#\/schema\/logo\/image\/\",\"url\":\"https:\/\/www.in-town.ch\/wp-content\/uploads\/2023\/12\/intown-bnW.png\",\"contentUrl\":\"https:\/\/www.in-town.ch\/wp-content\/uploads\/2023\/12\/intown-bnW.png\",\"width\":500,\"height\":209,\"caption\":\"In Town\"},\"image\":{\"@id\":\"https:\/\/www.in-town.ch\/#\/schema\/logo\/image\/\"}}]}<\/script>\n<!-- \/ Yoast SEO plugin. -->","yoast_head_json":{"title":"Reservation ecole de conduite a bulles et fribourg - Auto \u00e9cole Gen\u00e8ve","robots":{"index":"index","follow":"follow","max-snippet":"max-snippet:-1","max-image-preview":"max-image-preview:large","max-video-preview":"max-video-preview:-1"},"canonical":"https:\/\/www.in-town.ch\/en\/booking-driving-school-in-bulles-and-fribourg\/","og_locale":"en_US","og_type":"article","og_title":"Reservation ecole de conduite a bulles et fribourg - Auto \u00e9cole Gen\u00e8ve","og_description":"Portail de r\u00e9servation auto-\u00e9cole In-Town Fribourg","og_url":"https:\/\/www.in-town.ch\/en\/booking-driving-school-in-bulles-and-fribourg\/","og_site_name":"Auto \u00e9cole Gen\u00e8ve","article_modified_time":"2025-12-09T21:46:43+00:00","twitter_card":"summary_large_image","schema":{"@context":"https:\/\/schema.org","@graph":[{"@type":"WebPage","@id":"https:\/\/www.in-town.ch\/reservation-ecole-de-conduite-a-bulles-et-fribourg\/","url":"https:\/\/www.in-town.ch\/reservation-ecole-de-conduite-a-bulles-et-fribourg\/","name":"Reservation ecole de conduite a bulles et fribourg - Auto \u00e9cole Gen\u00e8ve","isPartOf":{"@id":"https:\/\/www.in-town.ch\/#website"},"datePublished":"2025-12-03T15:35:08+00:00","dateModified":"2025-12-09T21:46:43+00:00","breadcrumb":{"@id":"https:\/\/www.in-town.ch\/reservation-ecole-de-conduite-a-bulles-et-fribourg\/#breadcrumb"},"inLanguage":"en-US","potentialAction":[{"@type":"ReadAction","target":["https:\/\/www.in-town.ch\/reservation-ecole-de-conduite-a-bulles-et-fribourg\/"]}]},{"@type":"BreadcrumbList","@id":"https:\/\/www.in-town.ch\/reservation-ecole-de-conduite-a-bulles-et-fribourg\/#breadcrumb","itemListElement":[{"@type":"ListItem","position":1,"name":"Accueil","item":"https:\/\/www.in-town.ch\/"},{"@type":"ListItem","position":2,"name":"Reservation ecole de conduite a bulles et fribourg"}]},{"@type":"WebSite","@id":"https:\/\/www.in-town.ch\/#website","url":"https:\/\/www.in-town.ch\/","name":"In Town - Car school Geneva","description":"Swiss driver's license","publisher":{"@id":"https:\/\/www.in-town.ch\/#organization"},"potentialAction":[{"@type":"SearchAction","target":{"@type":"EntryPoint","urlTemplate":"https:\/\/www.in-town.ch\/?s={search_term_string}"},"query-input":{"@type":"PropertyValueSpecification","valueRequired":true,"valueName":"search_term_string"}}],"inLanguage":"en-US"},{"@type":"Organization","@id":"https:\/\/www.in-town.ch\/#organization","name":"In Town","url":"https:\/\/www.in-town.ch\/","logo":{"@type":"ImageObject","inLanguage":"en-US","@id":"https:\/\/www.in-town.ch\/#\/schema\/logo\/image\/","url":"https:\/\/www.in-town.ch\/wp-content\/uploads\/2023\/12\/intown-bnW.png","contentUrl":"https:\/\/www.in-town.ch\/wp-content\/uploads\/2023\/12\/intown-bnW.png","width":500,"height":209,"caption":"In Town"},"image":{"@id":"https:\/\/www.in-town.ch\/#\/schema\/logo\/image\/"}}]}},"_links":{"self":[{"href":"https:\/\/www.in-town.ch\/en\/wp-json\/wp\/v2\/pages\/34141","targetHints":{"allow":["GET"]}}],"collection":[{"href":"https:\/\/www.in-town.ch\/en\/wp-json\/wp\/v2\/pages"}],"about":[{"href":"https:\/\/www.in-town.ch\/en\/wp-json\/wp\/v2\/types\/page"}],"author":[{"embeddable":true,"href":"https:\/\/www.in-town.ch\/en\/wp-json\/wp\/v2\/users\/4"}],"replies":[{"embeddable":true,"href":"https:\/\/www.in-town.ch\/en\/wp-json\/wp\/v2\/comments?post=34141"}],"version-history":[{"count":0,"href":"https:\/\/www.in-town.ch\/en\/wp-json\/wp\/v2\/pages\/34141\/revisions"}],"wp:attachment":[{"href":"https:\/\/www.in-town.ch\/en\/wp-json\/wp\/v2\/media?parent=34141"}],"curies":[{"name":"wp","href":"https:\/\/api.w.org\/{rel}","templated":true}]}}