{"id":155,"date":"2023-12-29T14:44:56","date_gmt":"2023-12-29T13:44:56","guid":{"rendered":"https:\/\/www.in-town.ch\/?page_id=155"},"modified":"2026-05-01T13:29:22","modified_gmt":"2026-05-01T11:29:22","slug":"team-in-town","status":"publish","type":"page","link":"https:\/\/www.in-town.ch\/en\/equipe-in-town\/","title":{"rendered":"In-Town team"},"content":{"rendered":"<p>[et_pb_section fb_built=\u00a0\u00bb1&Prime; admin_label=\u00a0\u00bbHeader\u00a0\u00bb _builder_version=\u00a0\u00bb4.24.0&Prime; _module_preset=\u00a0\u00bbdefault\u00a0\u00bb custom_padding=\u00a0\u00bb0px||0px||false|false\u00a0\u00bb collapsed=\u00a0\u00bbon\u00a0\u00bb global_colors_info=\u00a0\u00bb{}\u00a0\u00bb][et_pb_row _builder_version=\u00a0\u00bb4.27.0&Prime; _module_preset=\u00a0\u00bbdefault\u00a0\u00bb width=\u00a0\u00bb100%\u00a0\u00bb width_tablet=\u00a0\u00bb88%\u00a0\u00bb width_phone=\u00a0\u00bb100%\u00a0\u00bb width_last_edited=\u00a0\u00bbon|tablet\u00a0\u00bb max_width=\u00a0\u00bb1200px\u00a0\u00bb max_width_tablet=\u00a0\u00bb\u00a0\u00bb max_width_phone=\u00a0\u00bb\u00a0\u00bb max_width_last_edited=\u00a0\u00bbon|tablet\u00a0\u00bb custom_margin=\u00a0\u00bb0px|auto||auto|false|false\u00a0\u00bb custom_margin_tablet=\u00a0\u00bb-3px||||false|false\u00a0\u00bb custom_margin_phone=\u00a0\u00bb-3px||||false|false\u00a0\u00bb custom_margin_last_edited=\u00a0\u00bbon|phone\u00a0\u00bb custom_padding=\u00a0\u00bb0px||||false|false\u00a0\u00bb sticky_position=\u00a0\u00bbtop\u00a0\u00bb global_module=\u00a0\u00bb769&Prime; saved_tabs=\u00a0\u00bball\u00a0\u00bb locked=\u00a0\u00bboff\u00a0\u00bb global_colors_info=\u00a0\u00bb{}\u00a0\u00bb][et_pb_column type=\u00a0\u00bb4_4&Prime; _builder_version=\u00a0\u00bb4.20.0&Prime; _module_preset=\u00a0\u00bbdefault\u00a0\u00bb global_colors_info=\u00a0\u00bb{}\u00a0\u00bb][et_pb_menu menu_id=\u00a0\u00bb10&Prime; menu_style=\u00a0\u00bbcentered\u00a0\u00bb active_link_color=\u00a0\u00bb#FDD210&Prime; dropdown_menu_active_link_color=\u00a0\u00bb#FDD210&Prime; mobile_menu_bg_color=\u00a0\u00bb#FFFFFF\u00a0\u00bb cart_icon_color=\u00a0\u00bb#FDD210&Prime; menu_icon_color=\u00a0\u00bb#000000&Prime; _builder_version=\u00a0\u00bb4.26.0&Prime; _module_preset=\u00a0\u00bbdefault\u00a0\u00bb menu_font=\u00a0\u00bbPoppins||||||||\u00a0\u00bb menu_text_color=\u00a0\u00bb#000000&Prime; background_color=\u00a0\u00bb#FFFFFF\u00a0\u00bb custom_margin=\u00a0\u00bb0px|||0px|false|false\u00a0\u00bb custom_padding=\u00a0\u00bb5px|20px|5px|20px|true|true\u00a0\u00bb background_color_phone=\u00a0\u00bb#FDD210&Prime; background_last_edited=\u00a0\u00bbon|phone\u00a0\u00bb background_enable_color_phone=\u00a0\u00bbon\u00a0\u00bb border_radii=\u00a0\u00bboff|||15px|15px\u00a0\u00bb border_width_all_image=\u00a0\u00bb0px\u00a0\u00bb box_shadow_style=\u00a0\u00bbpreset1&Prime; global_colors_info=\u00a0\u00bb{}\u00a0\u00bb][\/et_pb_menu][\/et_pb_column][\/et_pb_row][et_pb_row _builder_version=\u00a0\u00bb4.20.0&Prime; _module_preset=\u00a0\u00bbdefault\u00a0\u00bb global_colors_info=\u00a0\u00bb{}\u00a0\u00bb][et_pb_column type=\u00a0\u00bb4_4&Prime; _builder_version=\u00a0\u00bb4.20.0&Prime; _module_preset=\u00a0\u00bbdefault\u00a0\u00bb global_colors_info=\u00a0\u00bb{}\u00a0\u00bb][et_pb_text _builder_version=\u00a0\u00bb4.23.1&Prime; _module_preset=\u00a0\u00bb7f68418b-8d8d-49a6-b428-6a474e36276b\u00a0\u00bb text_font=\u00a0\u00bbLora|700|||||||\u00a0\u00bb text_text_color=\u00a0\u00bb#000000&Prime; text_font_size=\u00a0\u00bb16px\u00a0\u00bb global_colors_info=\u00a0\u00bb{}\u00a0\u00bb]<\/p>\n<p>VOTRE \u00c9QUIPE IN-TOWN<\/p>\n<p>[\/et_pb_text][et_pb_text _builder_version=\u00a0\u00bb4.20.0&Prime; _module_preset=\u00a0\u00bb20d35ffb-4f84-471c-9ab6-fe5ab697b09f\u00a0\u00bb locked=\u00a0\u00bboff\u00a0\u00bb global_colors_info=\u00a0\u00bb{}\u00a0\u00bb]<\/p>\n<h1>L&rsquo;\u00e9quipe In-Town<\/h1>\n<p>[\/et_pb_text][\/et_pb_column][\/et_pb_row][et_pb_row column_structure=\u00a0\u00bb1_2,1_6,1_6,1_6&Prime; use_custom_gutter=\u00a0\u00bbon\u00a0\u00bb gutter_width=\u00a0\u00bb1&Prime; make_equal=\u00a0\u00bbon\u00a0\u00bb _builder_version=\u00a0\u00bb4.20.0&Prime; _module_preset=\u00a0\u00bbdefault\u00a0\u00bb z_index=\u00a0\u00bb10&Prime; custom_margin=\u00a0\u00bb||-120px||false|false\u00a0\u00bb custom_margin_tablet=\u00a0\u00bb||-120px||false|false\u00a0\u00bb custom_margin_phone=\u00a0\u00bb||0px||false|false\u00a0\u00bb custom_margin_last_edited=\u00a0\u00bbon|phone\u00a0\u00bb custom_padding=\u00a0\u00bb0px||0px||true|false\u00a0\u00bb global_colors_info=\u00a0\u00bb{}\u00a0\u00bb][et_pb_column type=\u00a0\u00bb1_2&Prime; _builder_version=\u00a0\u00bb4.20.0&Prime; _module_preset=\u00a0\u00bbdefault\u00a0\u00bb global_colors_info=\u00a0\u00bb{}\u00a0\u00bb][\/et_pb_column][et_pb_column type=\u00a0\u00bb1_6&Prime; _builder_version=\u00a0\u00bb4.20.0&Prime; _module_preset=\u00a0\u00bbdefault\u00a0\u00bb background_color=\u00a0\u00bbgcid-ee37f9db-558a-4c1e-93ad-2fb984fae1ac\u00a0\u00bb custom_padding=\u00a0\u00bb|30px|30px|30px|false|true\u00a0\u00bb custom_padding_tablet=\u00a0\u00bb|30px|30px|30px|false|true\u00a0\u00bb custom_padding_phone=\u00a0\u00bb|20px|20px|20px|false|true\u00a0\u00bb custom_padding_last_edited=\u00a0\u00bbon|desktop\u00a0\u00bb border_radii=\u00a0\u00bboff|60px|||\u00a0\u00bb global_colors_info=\u00a0\u00bb{%22gcid-ee37f9db-558a-4c1e-93ad-2fb984fae1ac%22:%91%22background_color%22%93}\u00a0\u00bb][et_pb_number_counter title=\u00a0\u00bbVilles\u00a0\u00bb number=\u00a0\u00bb2&Prime; _builder_version=\u00a0\u00bb4.23.1&Prime; _module_preset=\u00a0\u00bbb3616332-8ebd-448d-81e1-8e34b7200f0b\u00a0\u00bb locked=\u00a0\u00bboff\u00a0\u00bb global_colors_info=\u00a0\u00bb{}\u00a0\u00bb][\/et_pb_number_counter][\/et_pb_column][et_pb_column type=\u00a0\u00bb1_6&Prime; _builder_version=\u00a0\u00bb4.20.0&Prime; _module_preset=\u00a0\u00bbdefault\u00a0\u00bb background_color=\u00a0\u00bbgcid-ee37f9db-558a-4c1e-93ad-2fb984fae1ac\u00a0\u00bb custom_padding=\u00a0\u00bb|30px|30px||false|false\u00a0\u00bb custom_padding_tablet=\u00a0\u00bb|30px|30px||false|false\u00a0\u00bb custom_padding_phone=\u00a0\u00bb|20px|20px|20px|false|true\u00a0\u00bb custom_padding_last_edited=\u00a0\u00bbon|phone\u00a0\u00bb global_colors_info=\u00a0\u00bb{%22gcid-ee37f9db-558a-4c1e-93ad-2fb984fae1ac%22:%91%22background_color%22%93}\u00a0\u00bb][et_pb_number_counter title=\u00a0\u00bbEquipe\u00a0\u00bb number=\u00a0\u00bb3&Prime; _builder_version=\u00a0\u00bb4.27.4&Prime; _module_preset=\u00a0\u00bbb3616332-8ebd-448d-81e1-8e34b7200f0b\u00a0\u00bb locked=\u00a0\u00bboff\u00a0\u00bb global_colors_info=\u00a0\u00bb{}\u00a0\u00bb][\/et_pb_number_counter][\/et_pb_column][et_pb_column type=\u00a0\u00bb1_6&Prime; _builder_version=\u00a0\u00bb4.20.0&Prime; _module_preset=\u00a0\u00bbdefault\u00a0\u00bb background_color=\u00a0\u00bbgcid-ee37f9db-558a-4c1e-93ad-2fb984fae1ac\u00a0\u00bb custom_padding=\u00a0\u00bb|30px|30px||false|false\u00a0\u00bb custom_padding_tablet=\u00a0\u00bb|30px|30px||false|false\u00a0\u00bb custom_padding_phone=\u00a0\u00bb|20px|20px|20px|false|true\u00a0\u00bb custom_padding_last_edited=\u00a0\u00bbon|phone\u00a0\u00bb global_colors_info=\u00a0\u00bb{%22gcid-ee37f9db-558a-4c1e-93ad-2fb984fae1ac%22:%91%22background_color%22%93}\u00a0\u00bb][et_pb_number_counter title=\u00a0\u00bbV\u00e9hicule\u00a0\u00bb number=\u00a0\u00bb9&Prime; _builder_version=\u00a0\u00bb4.23.1&Prime; _module_preset=\u00a0\u00bbb3616332-8ebd-448d-81e1-8e34b7200f0b\u00a0\u00bb locked=\u00a0\u00bboff\u00a0\u00bb global_colors_info=\u00a0\u00bb{}\u00a0\u00bb][\/et_pb_number_counter][\/et_pb_column][\/et_pb_row][et_pb_row _builder_version=\u00a0\u00bb4.20.0&Prime; _module_preset=\u00a0\u00bbdefault\u00a0\u00bb global_colors_info=\u00a0\u00bb{}\u00a0\u00bb][et_pb_column type=\u00a0\u00bb4_4&Prime; _builder_version=\u00a0\u00bb4.20.0&Prime; _module_preset=\u00a0\u00bbdefault\u00a0\u00bb global_colors_info=\u00a0\u00bb{}\u00a0\u00bb][et_pb_image src=\u00a0\u00bbhttps:\/\/www.in-town.ch\/wp-content\/uploads\/2023\/12\/co-working-11b.png\u00a0\u00bb title_text=\u00a0\u00bbin-town_team 2&Prime; _builder_version=\u00a0\u00bb4.23.1&Prime; _module_preset=\u00a0\u00bbdefault\u00a0\u00bb background_image=\u00a0\u00bbhttps:\/\/www.in-town.ch\/wp-content\/uploads\/2023\/12\/in-town_team-2.jpeg\u00a0\u00bb background_size=\u00a0\u00bbcustom\u00a0\u00bb background_image_width=\u00a0\u00bb141%\u00a0\u00bb background_image_height=\u00a0\u00bb100%\u00a0\u00bb background_position=\u00a0\u00bbcenter_right\u00a0\u00bb background_horizontal_offset=\u00a0\u00bb33%\u00a0\u00bb global_colors_info=\u00a0\u00bb{}\u00a0\u00bb][\/et_pb_image][\/et_pb_column][\/et_pb_row][\/et_pb_section][et_pb_section fb_built=\u00a0\u00bb1&Prime; disabled_on=\u00a0\u00bbon|on|off\u00a0\u00bb _builder_version=\u00a0\u00bb4.24.0&Prime; _module_preset=\u00a0\u00bbdefault\u00a0\u00bb positioning=\u00a0\u00bbnone\u00a0\u00bb width=\u00a0\u00bb7%\u00a0\u00bb module_alignment=\u00a0\u00bbright\u00a0\u00bb custom_margin=\u00a0\u00bb0px|||9px|false|false\u00a0\u00bb custom_padding=\u00a0\u00bb0px||0px||false|false\u00a0\u00bb sticky_position=\u00a0\u00bbtop_bottom\u00a0\u00bb sticky_limit_top=\u00a0\u00bbbody\u00a0\u00bb sticky_limit_bottom=\u00a0\u00bbbody\u00a0\u00bb locked=\u00a0\u00bboff\u00a0\u00bb global_colors_info=\u00a0\u00bb{}\u00a0\u00bb][et_pb_row _builder_version=\u00a0\u00bb4.23.4&Prime; _module_preset=\u00a0\u00bbdefault\u00a0\u00bb module_alignment=\u00a0\u00bbright\u00a0\u00bb custom_padding=\u00a0\u00bb6px||0px|||\u00a0\u00bb locked=\u00a0\u00bboff\u00a0\u00bb global_colors_info=\u00a0\u00bb{}\u00a0\u00bb][et_pb_column type=\u00a0\u00bb4_4&Prime; _builder_version=\u00a0\u00bb4.23.1&Prime; _module_preset=\u00a0\u00bbdefault\u00a0\u00bb global_colors_info=\u00a0\u00bb{}\u00a0\u00bb][et_pb_image src=\u00a0\u00bbhttps:\/\/www.in-town.ch\/wp-content\/uploads\/2024\/02\/WhatsApp.svg_.webp\u00a0\u00bb title_text=\u00a0\u00bbWhatsApp.svg\u00a0\u00bb url=\u00a0\u00bbhttps:\/\/api.whatsapp.com\/send?phone=41798866282&Prime; _builder_version=\u00a0\u00bb4.24.0&Prime; _module_preset=\u00a0\u00bbdefault\u00a0\u00bb global_colors_info=\u00a0\u00bb{}\u00a0\u00bb][\/et_pb_image][\/et_pb_column][\/et_pb_row][\/et_pb_section][et_pb_section fb_built=\u00a0\u00bb1&Prime; admin_label=\u00a0\u00bbFeatures\u00a0\u00bb _builder_version=\u00a0\u00bb4.20.0&Prime; _module_preset=\u00a0\u00bbdefault\u00a0\u00bb custom_padding=\u00a0\u00bb5px|||||\u00a0\u00bb locked=\u00a0\u00bboff\u00a0\u00bb collapsed=\u00a0\u00bbon\u00a0\u00bb global_colors_info=\u00a0\u00bb{}\u00a0\u00bb][et_pb_row column_structure=\u00a0\u00bb1_2,1_2&Prime; use_custom_gutter=\u00a0\u00bbon\u00a0\u00bb make_equal=\u00a0\u00bbon\u00a0\u00bb _builder_version=\u00a0\u00bb4.23.1&Prime; _module_preset=\u00a0\u00bbdefault\u00a0\u00bb custom_padding=\u00a0\u00bb0px||0px||false|false\u00a0\u00bb global_colors_info=\u00a0\u00bb{}\u00a0\u00bb][et_pb_column type=\u00a0\u00bb1_2&Prime; _builder_version=\u00a0\u00bb4.23.1&Prime; _module_preset=\u00a0\u00bbdefault\u00a0\u00bb custom_padding=\u00a0\u00bb40px|40px|40px|40px|true|true\u00a0\u00bb custom_padding_tablet=\u00a0\u00bb30px|30px|30px|30px|true|true\u00a0\u00bb custom_padding_phone=\u00a0\u00bb20px|20px|20px|20px|true|true\u00a0\u00bb custom_padding_last_edited=\u00a0\u00bbon|phone\u00a0\u00bb border_radii=\u00a0\u00bbon|17px|17px|17px|17px\u00a0\u00bb border_color_all=\u00a0\u00bb#000000&Prime; border_color_top=\u00a0\u00bb#FDD210&Prime; global_colors_info=\u00a0\u00bb{}\u00a0\u00bb][et_pb_blurb title=\u00a0\u00bbANTOINE GUERNE\u00a0\u00bb image_icon_background_color=\u00a0\u00bbRGBA(255,255,255,0)\u00a0\u00bb image=\u00a0\u00bbhttps:\/\/www.in-town.ch\/wp-content\/uploads\/2025\/09\/IMG-20250901-WA0006.jpg\u00a0\u00bb _builder_version=\u00a0\u00bb4.27.4&Prime; _module_preset=\u00a0\u00bbea47fc93-9a9b-4bcc-8b52-a104560b681f\u00a0\u00bb header_level=\u00a0\u00bbh2&Prime; header_font=\u00a0\u00bbLora|600|||||||\u00a0\u00bb body_font=\u00a0\u00bbLora|500|||||||\u00a0\u00bb body_text_color=\u00a0\u00bb#FDD210&Prime; border_radii_image=\u00a0\u00bbon|0px|0px|0px|0px\u00a0\u00bb global_colors_info=\u00a0\u00bb{}\u00a0\u00bb]<\/p>\n<p class=\"font_7 wixui-rich-text__text\"><span class=\"wixui-rich-text__text\">accessible<span>\u00a0<\/span><\/span><span class=\"wixui-rich-text__text\"><span class=\"color_16 wixui-rich-text__text\">\u2013<\/span><\/span><span class=\"wixui-rich-text__text\"><span>\u00a0<\/span>calme<span>\u00a0<\/span><\/span><span class=\"wixui-rich-text__text\"><span class=\"color_16 wixui-rich-text__text\">\u2013<\/span><\/span><span class=\"wixui-rich-text__text\"><span>\u00a0<\/span>cr\u00e9atif<span>\u00a0<\/span><\/span><span class=\"wixui-rich-text__text\"><span class=\"color_16 wixui-rich-text__text\">\u2013<\/span><\/span><span class=\"wixui-rich-text__text\"><span>\u00a0<\/span>d\u00e9termin\u00e9<\/span><\/p>\n<p>[\/et_pb_blurb][et_pb_text _builder_version=\u00a0\u00bb4.27.6&Prime; _module_preset=\u00a0\u00bbdefault\u00a0\u00bb text_font=\u00a0\u00bbLora||||||||\u00a0\u00bb text_text_color=\u00a0\u00bb#000000&Prime; text_font_size=\u00a0\u00bb17px\u00a0\u00bb text_line_height=\u00a0\u00bb1.6em\u00a0\u00bb hover_enabled=\u00a0\u00bb0&Prime; global_colors_info=\u00a0\u00bb{}\u00a0\u00bb sticky_enabled=\u00a0\u00bb0&Prime;]<\/p>\n<p><span style=\"font-size: medium;\">Passionn\u00e9 d\u2019automobile j\u2019ai commenc\u00e9 tr\u00e8s jeune dans les garages et j\u2019ai d\u00e9couvert le plaisir de partager mon savoir en formant des apprentis. Mon but est de vous accompagner afin de devenir autonome et surtout de prendre du plaisir \u00e0 conduire en toute s\u00e9curit\u00e9.<\/span><\/p>\n<p><span><\/span><\/p>\n<p><span style=\"font-size: large; color: #000000;\"><strong><a href=\"tel:0041763849726\" class=\"wixui-rich-text__text\" style=\"color: #000000;\"><span class=\"wixui-rich-text__text\">+41 76 384 97 26<\/span><\/a><\/strong><\/span><\/p>\n<p>[\/et_pb_text][\/et_pb_column][et_pb_column type=\u00a0\u00bb1_2&Prime; _builder_version=\u00a0\u00bb4.23.1&Prime; _module_preset=\u00a0\u00bbdefault\u00a0\u00bb custom_padding=\u00a0\u00bb40px|40px|40px|40px|true|true\u00a0\u00bb custom_padding_tablet=\u00a0\u00bb30px|30px|30px|30px|true|true\u00a0\u00bb custom_padding_phone=\u00a0\u00bb20px|20px|20px|20px|true|true\u00a0\u00bb custom_padding_last_edited=\u00a0\u00bbon|phone\u00a0\u00bb border_radii=\u00a0\u00bbon|17px|17px|17px|17px\u00a0\u00bb border_color_all=\u00a0\u00bb#000000&Prime; border_color_top=\u00a0\u00bb#FDD210&Prime; border_width_right=\u00a0\u00bb0px\u00a0\u00bb global_colors_info=\u00a0\u00bb{%22gcid-a98e4de7-9914-4c7d-a8d3-981528735fdb%22:%91%22border_color_all%22%93}\u00a0\u00bb][et_pb_blurb title=\u00a0\u00bbDAVID SALVI\u00a0\u00bb image_icon_background_color=\u00a0\u00bbRGBA(255,255,255,0)\u00a0\u00bb image=\u00a0\u00bbhttps:\/\/www.in-town.ch\/wp-content\/uploads\/2023\/12\/david-savli-in-town.jpg\u00a0\u00bb _builder_version=\u00a0\u00bb4.23.1&Prime; _module_preset=\u00a0\u00bbea47fc93-9a9b-4bcc-8b52-a104560b681f\u00a0\u00bb header_level=\u00a0\u00bbh2&Prime; header_font=\u00a0\u00bbLora|600|||||||\u00a0\u00bb body_font=\u00a0\u00bbLora|500|||||||\u00a0\u00bb body_text_color=\u00a0\u00bb#FDD210&Prime; border_radii_image=\u00a0\u00bbon|0px|0px|0px|0px\u00a0\u00bb global_colors_info=\u00a0\u00bb{}\u00a0\u00bb]<\/p>\n<p><span class=\"wixui-rich-text__text\">patient<span>\u00a0<\/span><span class=\"color_16 wixui-rich-text__text\">\u2013<\/span><span>\u00a0<\/span>p\u00e9dagogue<span>\u00a0<\/span><span class=\"color_16 wixui-rich-text__text\">\u2013<\/span><span>\u00a0<\/span>avenant<span>\u00a0<\/span><span class=\"color_16 wixui-rich-text__text\">\u2013<\/span><span>\u00a0<\/span>passionn\u00e9<\/span><\/p>\n<p>[\/et_pb_blurb][et_pb_text _builder_version=\u00a0\u00bb4.23.1&Prime; _module_preset=\u00a0\u00bbdefault\u00a0\u00bb text_font=\u00a0\u00bbLora||||||||\u00a0\u00bb text_text_color=\u00a0\u00bb#000000&Prime; text_font_size=\u00a0\u00bb17px\u00a0\u00bb text_line_height=\u00a0\u00bb1.6em\u00a0\u00bb global_colors_info=\u00a0\u00bb{}\u00a0\u00bb]<\/p>\n<p><span>\u00c9tant fan de moto et de voiture depuis petit, pour moi devenir moniteur d\u2019auto-\u00e9cole \u00e9tait une \u00e9vidence. Mon parcours atypique m\u2019a permis d\u2019apprendre \u00e9norm\u00e9ment sur l\u2019enseignement et la transmission des connaissances.<\/span><\/p>\n<p><span><\/span><\/p>\n<p><strong><span style=\"color: #000000; font-size: large;\"><a href=\"tel:0041 79 886 62 82\" class=\"wixui-rich-text__text\" style=\"color: #000000;\"><span class=\"wixui-rich-text__text\">+41 79 886 62 82<\/span><\/a><\/span><\/strong><\/p>\n<p>[\/et_pb_text][\/et_pb_column][\/et_pb_row][et_pb_row column_structure=\u00a0\u00bb1_2,1_2&Prime; use_custom_gutter=\u00a0\u00bbon\u00a0\u00bb make_equal=\u00a0\u00bbon\u00a0\u00bb _builder_version=\u00a0\u00bb4.23.1&Prime; _module_preset=\u00a0\u00bbdefault\u00a0\u00bb custom_padding=\u00a0\u00bb||0px||false|false\u00a0\u00bb border_width_top=\u00a0\u00bb5px\u00a0\u00bb global_colors_info=\u00a0\u00bb{}\u00a0\u00bb][et_pb_column type=\u00a0\u00bb1_2&Prime; _builder_version=\u00a0\u00bb4.23.1&Prime; _module_preset=\u00a0\u00bbdefault\u00a0\u00bb custom_padding=\u00a0\u00bb40px|40px|40px|40px|true|true\u00a0\u00bb custom_padding_tablet=\u00a0\u00bb30px|30px|30px|30px|true|true\u00a0\u00bb custom_padding_phone=\u00a0\u00bb20px|20px|20px|20px|true|true\u00a0\u00bb custom_padding_last_edited=\u00a0\u00bbon|phone\u00a0\u00bb border_radii=\u00a0\u00bbon|17px|17px|17px|17px\u00a0\u00bb border_color_all=\u00a0\u00bb#000000&Prime; border_color_top=\u00a0\u00bb#FDD210&Prime; border_color_bottom=\u00a0\u00bb#FDD210&Prime; global_colors_info=\u00a0\u00bb{}\u00a0\u00bb][\/et_pb_column][et_pb_column type=\u00a0\u00bb1_2&Prime; _builder_version=\u00a0\u00bb4.23.1&Prime; _module_preset=\u00a0\u00bbdefault\u00a0\u00bb custom_padding=\u00a0\u00bb40px|40px|40px|40px|true|true\u00a0\u00bb custom_padding_tablet=\u00a0\u00bb30px|30px|30px|30px|true|true\u00a0\u00bb custom_padding_phone=\u00a0\u00bb20px|20px|20px|20px|true|true\u00a0\u00bb custom_padding_last_edited=\u00a0\u00bbon|phone\u00a0\u00bb border_radii=\u00a0\u00bboff|17px|17px|17px|17px\u00a0\u00bb border_color_all=\u00a0\u00bb#000000&Prime; border_color_top=\u00a0\u00bb#FDD210&Prime; border_width_right=\u00a0\u00bb0px\u00a0\u00bb border_color_bottom=\u00a0\u00bb#FDD210&Prime; global_colors_info=\u00a0\u00bb{%22gcid-a98e4de7-9914-4c7d-a8d3-981528735fdb%22:%91%22border_color_all%22%93}\u00a0\u00bb][\/et_pb_column][\/et_pb_row][\/et_pb_section]<\/p>\n","protected":false},"excerpt":{"rendered":"<p>VOTRE \u00c9QUIPE IN-TOWNL&rsquo;\u00e9quipe In-Townaccessible\u00a0\u2013\u00a0calme\u00a0\u2013\u00a0cr\u00e9atif\u00a0\u2013\u00a0d\u00e9termin\u00e9Passionn\u00e9 d\u2019automobile j\u2019ai commenc\u00e9 tr\u00e8s jeune dans les garages et j\u2019ai d\u00e9couvert le plaisir de partager mon savoir en formant des apprentis. Mon but est de vous accompagner afin de devenir autonome et surtout de prendre du plaisir \u00e0 conduire en toute s\u00e9curit\u00e9. +41 76 384 97 26patient\u00a0\u2013\u00a0p\u00e9dagogue\u00a0\u2013\u00a0avenant\u00a0\u2013\u00a0passionn\u00e9\u00c9tant fan de moto et [&hellip;]<\/p>\n","protected":false},"author":4,"featured_media":0,"parent":0,"menu_order":0,"comment_status":"closed","ping_status":"closed","template":"","meta":{"_et_pb_use_builder":"on","_et_pb_old_content":"","_et_gb_content_width":"","footnotes":""},"class_list":["post-155","page","type-page","status-publish","hentry"],"yoast_head":"<!-- This site is optimized with the Yoast SEO plugin v27.0 - https:\/\/yoast.com\/product\/yoast-seo-wordpress\/ -->\n<title>Equipe In-Town - Auto \u00e9cole Gen\u00e8ve<\/title>\n<meta name=\"robots\" content=\"index, follow, max-snippet:-1, max-image-preview:large, max-video-preview:-1\" \/>\n<link rel=\"canonical\" href=\"https:\/\/www.in-town.ch\/en\/team-in-town\/\" \/>\n<meta property=\"og:locale\" content=\"en_US\" \/>\n<meta property=\"og:type\" content=\"article\" \/>\n<meta property=\"og:title\" content=\"Equipe In-Town - Auto \u00e9cole Gen\u00e8ve\" \/>\n<meta property=\"og:description\" content=\"VOTRE \u00c9QUIPE IN-TOWNL&#039;\u00e9quipe In-Townaccessible\u00a0\u2013\u00a0calme\u00a0\u2013\u00a0cr\u00e9atif\u00a0\u2013\u00a0d\u00e9termin\u00e9Passionn\u00e9 d\u2019automobile j\u2019ai commenc\u00e9 tr\u00e8s jeune dans les garages et j\u2019ai d\u00e9couvert le plaisir de partager mon savoir en formant des apprentis. Mon but est de vous accompagner afin de devenir autonome et surtout de prendre du plaisir \u00e0 conduire en toute s\u00e9curit\u00e9. +41 76 384 97 26patient\u00a0\u2013\u00a0p\u00e9dagogue\u00a0\u2013\u00a0avenant\u00a0\u2013\u00a0passionn\u00e9\u00c9tant fan de moto et [&hellip;]\" \/>\n<meta property=\"og:url\" content=\"https:\/\/www.in-town.ch\/en\/team-in-town\/\" \/>\n<meta property=\"og:site_name\" content=\"Auto \u00e9cole Gen\u00e8ve\" \/>\n<meta property=\"article:modified_time\" content=\"2026-05-01T11:29:22+00:00\" \/>\n<meta name=\"twitter:card\" content=\"summary_large_image\" \/>\n<meta name=\"twitter:label1\" content=\"Est. reading time\" \/>\n\t<meta name=\"twitter:data1\" content=\"8 minutes\" \/>\n<script type=\"application\/ld+json\" class=\"yoast-schema-graph\">{\"@context\":\"https:\/\/schema.org\",\"@graph\":[{\"@type\":\"WebPage\",\"@id\":\"https:\/\/www.in-town.ch\/equipe-in-town\/\",\"url\":\"https:\/\/www.in-town.ch\/equipe-in-town\/\",\"name\":\"Equipe In-Town - Auto \u00e9cole Gen\u00e8ve\",\"isPartOf\":{\"@id\":\"https:\/\/www.in-town.ch\/#website\"},\"datePublished\":\"2023-12-29T13:44:56+00:00\",\"dateModified\":\"2026-05-01T11:29:22+00:00\",\"breadcrumb\":{\"@id\":\"https:\/\/www.in-town.ch\/equipe-in-town\/#breadcrumb\"},\"inLanguage\":\"en-US\",\"potentialAction\":[{\"@type\":\"ReadAction\",\"target\":[\"https:\/\/www.in-town.ch\/equipe-in-town\/\"]}]},{\"@type\":\"BreadcrumbList\",\"@id\":\"https:\/\/www.in-town.ch\/equipe-in-town\/#breadcrumb\",\"itemListElement\":[{\"@type\":\"ListItem\",\"position\":1,\"name\":\"Accueil\",\"item\":\"https:\/\/www.in-town.ch\/\"},{\"@type\":\"ListItem\",\"position\":2,\"name\":\"Equipe In-Town\"}]},{\"@type\":\"WebSite\",\"@id\":\"https:\/\/www.in-town.ch\/#website\",\"url\":\"https:\/\/www.in-town.ch\/\",\"name\":\"In Town - Auto \u00e9cole Gen\u00e8ve\",\"description\":\"Permis de conduire Suisse\",\"publisher\":{\"@id\":\"https:\/\/www.in-town.ch\/#organization\"},\"potentialAction\":[{\"@type\":\"SearchAction\",\"target\":{\"@type\":\"EntryPoint\",\"urlTemplate\":\"https:\/\/www.in-town.ch\/?s={search_term_string}\"},\"query-input\":{\"@type\":\"PropertyValueSpecification\",\"valueRequired\":true,\"valueName\":\"search_term_string\"}}],\"inLanguage\":\"en-US\"},{\"@type\":\"Organization\",\"@id\":\"https:\/\/www.in-town.ch\/#organization\",\"name\":\"In Town\",\"url\":\"https:\/\/www.in-town.ch\/\",\"logo\":{\"@type\":\"ImageObject\",\"inLanguage\":\"en-US\",\"@id\":\"https:\/\/www.in-town.ch\/#\/schema\/logo\/image\/\",\"url\":\"https:\/\/www.in-town.ch\/wp-content\/uploads\/2023\/12\/intown-bnW.png\",\"contentUrl\":\"https:\/\/www.in-town.ch\/wp-content\/uploads\/2023\/12\/intown-bnW.png\",\"width\":500,\"height\":209,\"caption\":\"In Town\"},\"image\":{\"@id\":\"https:\/\/www.in-town.ch\/#\/schema\/logo\/image\/\"}}]}<\/script>\n<!-- \/ Yoast SEO plugin. -->","yoast_head_json":{"title":"In-Town team - Auto \u00e9cole Gen\u00e8ve","robots":{"index":"index","follow":"follow","max-snippet":"max-snippet:-1","max-image-preview":"max-image-preview:large","max-video-preview":"max-video-preview:-1"},"canonical":"https:\/\/www.in-town.ch\/en\/team-in-town\/","og_locale":"en_US","og_type":"article","og_title":"Equipe In-Town - Auto \u00e9cole Gen\u00e8ve","og_description":"VOTRE \u00c9QUIPE IN-TOWNL'\u00e9quipe In-Townaccessible\u00a0\u2013\u00a0calme\u00a0\u2013\u00a0cr\u00e9atif\u00a0\u2013\u00a0d\u00e9termin\u00e9Passionn\u00e9 d\u2019automobile j\u2019ai commenc\u00e9 tr\u00e8s jeune dans les garages et j\u2019ai d\u00e9couvert le plaisir de partager mon savoir en formant des apprentis. Mon but est de vous accompagner afin de devenir autonome et surtout de prendre du plaisir \u00e0 conduire en toute s\u00e9curit\u00e9. +41 76 384 97 26patient\u00a0\u2013\u00a0p\u00e9dagogue\u00a0\u2013\u00a0avenant\u00a0\u2013\u00a0passionn\u00e9\u00c9tant fan de moto et [&hellip;]","og_url":"https:\/\/www.in-town.ch\/en\/team-in-town\/","og_site_name":"Auto \u00e9cole Gen\u00e8ve","article_modified_time":"2026-05-01T11:29:22+00:00","twitter_card":"summary_large_image","twitter_misc":{"Est. reading time":"8 minutes"},"schema":{"@context":"https:\/\/schema.org","@graph":[{"@type":"WebPage","@id":"https:\/\/www.in-town.ch\/equipe-in-town\/","url":"https:\/\/www.in-town.ch\/equipe-in-town\/","name":"In-Town team - Auto \u00e9cole Gen\u00e8ve","isPartOf":{"@id":"https:\/\/www.in-town.ch\/#website"},"datePublished":"2023-12-29T13:44:56+00:00","dateModified":"2026-05-01T11:29:22+00:00","breadcrumb":{"@id":"https:\/\/www.in-town.ch\/equipe-in-town\/#breadcrumb"},"inLanguage":"en-US","potentialAction":[{"@type":"ReadAction","target":["https:\/\/www.in-town.ch\/equipe-in-town\/"]}]},{"@type":"BreadcrumbList","@id":"https:\/\/www.in-town.ch\/equipe-in-town\/#breadcrumb","itemListElement":[{"@type":"ListItem","position":1,"name":"Accueil","item":"https:\/\/www.in-town.ch\/"},{"@type":"ListItem","position":2,"name":"Equipe In-Town"}]},{"@type":"WebSite","@id":"https:\/\/www.in-town.ch\/#website","url":"https:\/\/www.in-town.ch\/","name":"In Town - Car school Geneva","description":"Swiss driver's license","publisher":{"@id":"https:\/\/www.in-town.ch\/#organization"},"potentialAction":[{"@type":"SearchAction","target":{"@type":"EntryPoint","urlTemplate":"https:\/\/www.in-town.ch\/?s={search_term_string}"},"query-input":{"@type":"PropertyValueSpecification","valueRequired":true,"valueName":"search_term_string"}}],"inLanguage":"en-US"},{"@type":"Organization","@id":"https:\/\/www.in-town.ch\/#organization","name":"In Town","url":"https:\/\/www.in-town.ch\/","logo":{"@type":"ImageObject","inLanguage":"en-US","@id":"https:\/\/www.in-town.ch\/#\/schema\/logo\/image\/","url":"https:\/\/www.in-town.ch\/wp-content\/uploads\/2023\/12\/intown-bnW.png","contentUrl":"https:\/\/www.in-town.ch\/wp-content\/uploads\/2023\/12\/intown-bnW.png","width":500,"height":209,"caption":"In Town"},"image":{"@id":"https:\/\/www.in-town.ch\/#\/schema\/logo\/image\/"}}]}},"_links":{"self":[{"href":"https:\/\/www.in-town.ch\/en\/wp-json\/wp\/v2\/pages\/155","targetHints":{"allow":["GET"]}}],"collection":[{"href":"https:\/\/www.in-town.ch\/en\/wp-json\/wp\/v2\/pages"}],"about":[{"href":"https:\/\/www.in-town.ch\/en\/wp-json\/wp\/v2\/types\/page"}],"author":[{"embeddable":true,"href":"https:\/\/www.in-town.ch\/en\/wp-json\/wp\/v2\/users\/4"}],"replies":[{"embeddable":true,"href":"https:\/\/www.in-town.ch\/en\/wp-json\/wp\/v2\/comments?post=155"}],"version-history":[{"count":0,"href":"https:\/\/www.in-town.ch\/en\/wp-json\/wp\/v2\/pages\/155\/revisions"}],"wp:attachment":[{"href":"https:\/\/www.in-town.ch\/en\/wp-json\/wp\/v2\/media?parent=155"}],"curies":[{"name":"wp","href":"https:\/\/api.w.org\/{rel}","templated":true}]}}